{"id":366,"date":"2025-02-16T20:12:43","date_gmt":"2025-02-16T20:12:43","guid":{"rendered":"https:\/\/caglanuryilmaz.com\/?page_id=366"},"modified":"2026-02-15T10:23:06","modified_gmt":"2026-02-15T10:23:06","slug":"projeler","status":"publish","type":"page","link":"https:\/\/caglanuryilmaz.com\/tr\/projeler\/","title":{"rendered":"Projeler"},"content":{"rendered":"\t\t<div data-elementor-type=\"wp-page\" data-elementor-id=\"366\" class=\"elementor elementor-366\" data-elementor-post-type=\"page\">\n\t\t\t\t<div class=\"elementor-element elementor-element-7a3b3ca e-flex e-con-boxed e-con e-parent\" data-id=\"7a3b3ca\" data-element_type=\"container\" data-e-type=\"container\">\n\t\t\t\t\t<div class=\"e-con-inner\">\n\t\t<div class=\"elementor-element elementor-element-676e250 e-con-full animated-slow e-flex elementor-invisible e-con e-child\" data-id=\"676e250\" data-element_type=\"container\" data-e-type=\"container\" data-settings=\"{&quot;animation&quot;:&quot;fadeIn&quot;}\">\n\t\t\t\t<div class=\"elementor-element elementor-element-4a1e18a elementor-widget elementor-widget-heading\" data-id=\"4a1e18a\" data-element_type=\"widget\" data-e-type=\"widget\" data-widget_type=\"heading.default\">\n\t\t\t\t<div class=\"elementor-widget-container\">\n\t\t\t\t\t<h2 class=\"elementor-heading-title elementor-size-default\">Projeler<\/h2>\t\t\t\t<\/div>\n\t\t\t\t<\/div>\n\t\t\t\t<div class=\"elementor-element elementor-element-3fe2b82 elementor-widget elementor-widget-text-editor\" data-id=\"3fe2b82\" data-element_type=\"widget\" data-e-type=\"widget\" data-widget_type=\"text-editor.default\">\n\t\t\t\t<div class=\"elementor-widget-container\">\n\t\t\t\t\t\t\t\t\t<p>Proje, ihtiya\u00e7lar\u0131n analiz edildi\u011fi \u00f6n g\u00f6r\u00fc\u015fmeyle ba\u015flar; konsept, planlama , malzeme se\u00e7imleri ve 3D \u00e7al\u0131\u015fma ile tasar\u0131m \u015fekillenir. Onay sonras\u0131 uygulama projeleri haz\u0131rlan\u0131r ve s\u00fcre\u00e7 titizlikle y\u00f6netilir. Uygulama a\u015famas\u0131nda kalite, zaman ve b\u00fct\u00e7e kontrol edilerek t\u00fcm detaylar eksiksiz \u015fekilde hayata ge\u00e7irilir.<\/p>\t\t\t\t\t\t\t\t<\/div>\n\t\t\t\t<\/div>\n\t\t\t\t<div class=\"elementor-element elementor-element-7dc28fa elementor-grid-3 elementor-grid-tablet-2 elementor-grid-mobile-1 elementor-posts--thumbnail-top elementor-widget elementor-widget-posts\" data-id=\"7dc28fa\" data-element_type=\"widget\" data-e-type=\"widget\" data-settings=\"{&quot;classic_columns&quot;:&quot;3&quot;,&quot;classic_columns_tablet&quot;:&quot;2&quot;,&quot;classic_columns_mobile&quot;:&quot;1&quot;,&quot;classic_row_gap&quot;:{&quot;unit&quot;:&quot;px&quot;,&quot;size&quot;:35,&quot;sizes&quot;:[]},&quot;classic_row_gap_tablet&quot;:{&quot;unit&quot;:&quot;px&quot;,&quot;size&quot;:&quot;&quot;,&quot;sizes&quot;:[]},&quot;classic_row_gap_mobile&quot;:{&quot;unit&quot;:&quot;px&quot;,&quot;size&quot;:&quot;&quot;,&quot;sizes&quot;:[]}}\" data-widget_type=\"posts.classic\">\n\t\t\t\t<div class=\"elementor-widget-container\">\n\t\t\t\t\t\t\t<div class=\"elementor-posts-container elementor-posts elementor-posts--skin-classic elementor-grid\" role=\"list\">\n\t\t\t\t<article class=\"elementor-post elementor-grid-item post-141 project type-project status-publish has-post-thumbnail hentry\" role=\"listitem\">\n\t\t\t\t<a class=\"elementor-post__thumbnail__link\" href=\"https:\/\/caglanuryilmaz.com\/tr\/project\/m-f-u-apartment-project-2026\/\" tabindex=\"-1\" >\n\t\t\t<div class=\"elementor-post__thumbnail\"><img fetchpriority=\"high\" decoding=\"async\" width=\"1536\" height=\"1024\" src=\"https:\/\/caglanuryilmaz.com\/wp-content\/uploads\/2026\/02\/mf-u-home-3.jpeg\" class=\"attachment-full size-full wp-image-150\" alt=\"\" srcset=\"https:\/\/caglanuryilmaz.com\/wp-content\/uploads\/2026\/02\/mf-u-home-3.jpeg 1536w, https:\/\/caglanuryilmaz.com\/wp-content\/uploads\/2026\/02\/mf-u-home-3-300x200.jpeg 300w, https:\/\/caglanuryilmaz.com\/wp-content\/uploads\/2026\/02\/mf-u-home-3-1024x683.jpeg 1024w, https:\/\/caglanuryilmaz.com\/wp-content\/uploads\/2026\/02\/mf-u-home-3-768x512.jpeg 768w\" sizes=\"(max-width: 1536px) 100vw, 1536px\" \/><\/div>\n\t\t<\/a>\n\t\t\t\t<div class=\"elementor-post__text\">\n\t\t\t\t<h3 class=\"elementor-post__title\">\n\t\t\t<a href=\"https:\/\/caglanuryilmaz.com\/tr\/project\/m-f-u-apartment-project-2026\/\" >\n\t\t\t\tM.F-\u00dc APARTMENT PROJECT \u2013 2026\t\t\t<\/a>\n\t\t<\/h3>\n\t\t\t\t<\/div>\n\t\t\t\t<\/article>\n\t\t\t\t<article class=\"elementor-post elementor-grid-item post-397 project type-project status-publish has-post-thumbnail hentry\" role=\"listitem\">\n\t\t\t\t<a class=\"elementor-post__thumbnail__link\" href=\"https:\/\/caglanuryilmaz.com\/tr\/project\/beauty-wellness-project-2025\/\" tabindex=\"-1\" >\n\t\t\t<div class=\"elementor-post__thumbnail\"><img decoding=\"async\" width=\"1536\" height=\"1024\" src=\"https:\/\/caglanuryilmaz.com\/wp-content\/uploads\/2026\/02\/kalissa-14.jpeg\" class=\"attachment-full size-full wp-image-428\" alt=\"\" srcset=\"https:\/\/caglanuryilmaz.com\/wp-content\/uploads\/2026\/02\/kalissa-14.jpeg 1536w, https:\/\/caglanuryilmaz.com\/wp-content\/uploads\/2026\/02\/kalissa-14-300x200.jpeg 300w, https:\/\/caglanuryilmaz.com\/wp-content\/uploads\/2026\/02\/kalissa-14-1024x683.jpeg 1024w, https:\/\/caglanuryilmaz.com\/wp-content\/uploads\/2026\/02\/kalissa-14-768x512.jpeg 768w\" sizes=\"(max-width: 1536px) 100vw, 1536px\" \/><\/div>\n\t\t<\/a>\n\t\t\t\t<div class=\"elementor-post__text\">\n\t\t\t\t<h3 class=\"elementor-post__title\">\n\t\t\t<a href=\"https:\/\/caglanuryilmaz.com\/tr\/project\/beauty-wellness-project-2025\/\" >\n\t\t\t\tBEAUTY &amp; WELLNESS PROJECT &#8211; 2025\t\t\t<\/a>\n\t\t<\/h3>\n\t\t\t\t<\/div>\n\t\t\t\t<\/article>\n\t\t\t\t<article class=\"elementor-post elementor-grid-item post-322 project type-project status-publish has-post-thumbnail hentry\" role=\"listitem\">\n\t\t\t\t<a class=\"elementor-post__thumbnail__link\" href=\"https:\/\/caglanuryilmaz.com\/tr\/project\/jewellery-project-2024\/\" tabindex=\"-1\" >\n\t\t\t<div class=\"elementor-post__thumbnail\"><img decoding=\"async\" width=\"1536\" height=\"1024\" src=\"https:\/\/caglanuryilmaz.com\/wp-content\/uploads\/2026\/02\/izmir-jewelry-2.jpeg\" class=\"attachment-full size-full wp-image-324\" alt=\"\" srcset=\"https:\/\/caglanuryilmaz.com\/wp-content\/uploads\/2026\/02\/izmir-jewelry-2.jpeg 1536w, https:\/\/caglanuryilmaz.com\/wp-content\/uploads\/2026\/02\/izmir-jewelry-2-300x200.jpeg 300w, https:\/\/caglanuryilmaz.com\/wp-content\/uploads\/2026\/02\/izmir-jewelry-2-1024x683.jpeg 1024w, https:\/\/caglanuryilmaz.com\/wp-content\/uploads\/2026\/02\/izmir-jewelry-2-768x512.jpeg 768w\" sizes=\"(max-width: 1536px) 100vw, 1536px\" \/><\/div>\n\t\t<\/a>\n\t\t\t\t<div class=\"elementor-post__text\">\n\t\t\t\t<h3 class=\"elementor-post__title\">\n\t\t\t<a href=\"https:\/\/caglanuryilmaz.com\/tr\/project\/jewellery-project-2024\/\" >\n\t\t\t\tJEWELLERY PROJECT &#8211; 2024\t\t\t<\/a>\n\t\t<\/h3>\n\t\t\t\t<\/div>\n\t\t\t\t<\/article>\n\t\t\t\t<article class=\"elementor-post elementor-grid-item post-267 project type-project status-publish has-post-thumbnail hentry\" role=\"listitem\">\n\t\t\t\t<a class=\"elementor-post__thumbnail__link\" href=\"https:\/\/caglanuryilmaz.com\/tr\/project\/umran-grandma-cafe-project-2023\/\" tabindex=\"-1\" >\n\t\t\t<div class=\"elementor-post__thumbnail\"><img loading=\"lazy\" decoding=\"async\" width=\"1536\" height=\"1024\" src=\"https:\/\/caglanuryilmaz.com\/wp-content\/uploads\/2026\/02\/umran-grandma-2.jpeg\" class=\"attachment-full size-full wp-image-270\" alt=\"\" srcset=\"https:\/\/caglanuryilmaz.com\/wp-content\/uploads\/2026\/02\/umran-grandma-2.jpeg 1536w, https:\/\/caglanuryilmaz.com\/wp-content\/uploads\/2026\/02\/umran-grandma-2-300x200.jpeg 300w, https:\/\/caglanuryilmaz.com\/wp-content\/uploads\/2026\/02\/umran-grandma-2-1024x683.jpeg 1024w, https:\/\/caglanuryilmaz.com\/wp-content\/uploads\/2026\/02\/umran-grandma-2-768x512.jpeg 768w\" sizes=\"(max-width: 1536px) 100vw, 1536px\" \/><\/div>\n\t\t<\/a>\n\t\t\t\t<div class=\"elementor-post__text\">\n\t\t\t\t<h3 class=\"elementor-post__title\">\n\t\t\t<a href=\"https:\/\/caglanuryilmaz.com\/tr\/project\/umran-grandma-cafe-project-2023\/\" >\n\t\t\t\t\u00dcMRAN GRANDMA CAFE PROJECT &#8211; 2023\t\t\t<\/a>\n\t\t<\/h3>\n\t\t\t\t<\/div>\n\t\t\t\t<\/article>\n\t\t\t\t<article class=\"elementor-post elementor-grid-item post-167 project type-project status-publish has-post-thumbnail hentry\" role=\"listitem\">\n\t\t\t\t<a class=\"elementor-post__thumbnail__link\" href=\"https:\/\/caglanuryilmaz.com\/tr\/project\/a-e-o-house-project-2023\/\" tabindex=\"-1\" >\n\t\t\t<div class=\"elementor-post__thumbnail\"><img loading=\"lazy\" decoding=\"async\" width=\"1536\" height=\"1024\" src=\"https:\/\/caglanuryilmaz.com\/wp-content\/uploads\/2026\/02\/ae-o-house-27.jpeg\" class=\"attachment-full size-full wp-image-200\" alt=\"\" srcset=\"https:\/\/caglanuryilmaz.com\/wp-content\/uploads\/2026\/02\/ae-o-house-27.jpeg 1536w, https:\/\/caglanuryilmaz.com\/wp-content\/uploads\/2026\/02\/ae-o-house-27-300x200.jpeg 300w, https:\/\/caglanuryilmaz.com\/wp-content\/uploads\/2026\/02\/ae-o-house-27-1024x683.jpeg 1024w, https:\/\/caglanuryilmaz.com\/wp-content\/uploads\/2026\/02\/ae-o-house-27-768x512.jpeg 768w\" sizes=\"(max-width: 1536px) 100vw, 1536px\" \/><\/div>\n\t\t<\/a>\n\t\t\t\t<div class=\"elementor-post__text\">\n\t\t\t\t<h3 class=\"elementor-post__title\">\n\t\t\t<a href=\"https:\/\/caglanuryilmaz.com\/tr\/project\/a-e-o-house-project-2023\/\" >\n\t\t\t\tA.E-\u00d6 HOUSE PROJECT \u2013 2023\t\t\t<\/a>\n\t\t<\/h3>\n\t\t\t\t<\/div>\n\t\t\t\t<\/article>\n\t\t\t\t<article class=\"elementor-post elementor-grid-item post-283 project type-project status-publish has-post-thumbnail hentry\" role=\"listitem\">\n\t\t\t\t<a class=\"elementor-post__thumbnail__link\" href=\"https:\/\/caglanuryilmaz.com\/tr\/project\/f-h-apartment-project-2023\/\" tabindex=\"-1\" >\n\t\t\t<div class=\"elementor-post__thumbnail\"><img loading=\"lazy\" decoding=\"async\" width=\"1536\" height=\"1024\" src=\"https:\/\/caglanuryilmaz.com\/wp-content\/uploads\/2026\/02\/f-h-apartment-9.jpeg\" class=\"attachment-full size-full wp-image-293\" alt=\"\" srcset=\"https:\/\/caglanuryilmaz.com\/wp-content\/uploads\/2026\/02\/f-h-apartment-9.jpeg 1536w, https:\/\/caglanuryilmaz.com\/wp-content\/uploads\/2026\/02\/f-h-apartment-9-300x200.jpeg 300w, https:\/\/caglanuryilmaz.com\/wp-content\/uploads\/2026\/02\/f-h-apartment-9-1024x683.jpeg 1024w, https:\/\/caglanuryilmaz.com\/wp-content\/uploads\/2026\/02\/f-h-apartment-9-768x512.jpeg 768w\" sizes=\"(max-width: 1536px) 100vw, 1536px\" \/><\/div>\n\t\t<\/a>\n\t\t\t\t<div class=\"elementor-post__text\">\n\t\t\t\t<h3 class=\"elementor-post__title\">\n\t\t\t<a href=\"https:\/\/caglanuryilmaz.com\/tr\/project\/f-h-apartment-project-2023\/\" >\n\t\t\t\tF-H APARTMENT PROJECT &#8211; 2023\t\t\t<\/a>\n\t\t<\/h3>\n\t\t\t\t<\/div>\n\t\t\t\t<\/article>\n\t\t\t\t<article class=\"elementor-post elementor-grid-item post-463 project type-project status-publish has-post-thumbnail hentry\" role=\"listitem\">\n\t\t\t\t<a class=\"elementor-post__thumbnail__link\" href=\"https:\/\/caglanuryilmaz.com\/tr\/project\/m-f-u-house-project-2023\/\" tabindex=\"-1\" >\n\t\t\t<div class=\"elementor-post__thumbnail\"><img loading=\"lazy\" decoding=\"async\" width=\"1536\" height=\"1024\" src=\"https:\/\/caglanuryilmaz.com\/wp-content\/uploads\/2026\/02\/mf-u-house-11.jpeg\" class=\"attachment-full size-full wp-image-486\" alt=\"\" srcset=\"https:\/\/caglanuryilmaz.com\/wp-content\/uploads\/2026\/02\/mf-u-house-11.jpeg 1536w, https:\/\/caglanuryilmaz.com\/wp-content\/uploads\/2026\/02\/mf-u-house-11-300x200.jpeg 300w, https:\/\/caglanuryilmaz.com\/wp-content\/uploads\/2026\/02\/mf-u-house-11-1024x683.jpeg 1024w, https:\/\/caglanuryilmaz.com\/wp-content\/uploads\/2026\/02\/mf-u-house-11-768x512.jpeg 768w\" sizes=\"(max-width: 1536px) 100vw, 1536px\" \/><\/div>\n\t\t<\/a>\n\t\t\t\t<div class=\"elementor-post__text\">\n\t\t\t\t<h3 class=\"elementor-post__title\">\n\t\t\t<a href=\"https:\/\/caglanuryilmaz.com\/tr\/project\/m-f-u-house-project-2023\/\" >\n\t\t\t\tM.F-\u00dc HOUSE PROJECT &#8211; 2023\t\t\t<\/a>\n\t\t<\/h3>\n\t\t\t\t<\/div>\n\t\t\t\t<\/article>\n\t\t\t\t<article class=\"elementor-post elementor-grid-item post-209 project type-project status-publish has-post-thumbnail hentry\" role=\"listitem\">\n\t\t\t\t<a class=\"elementor-post__thumbnail__link\" href=\"https:\/\/caglanuryilmaz.com\/tr\/project\/n-s-e-house-project-2022\/\" tabindex=\"-1\" >\n\t\t\t<div class=\"elementor-post__thumbnail\"><img loading=\"lazy\" decoding=\"async\" width=\"1536\" height=\"1024\" src=\"https:\/\/caglanuryilmaz.com\/wp-content\/uploads\/2026\/02\/ns-e-house-22.jpeg\" class=\"attachment-full size-full wp-image-232\" alt=\"\" srcset=\"https:\/\/caglanuryilmaz.com\/wp-content\/uploads\/2026\/02\/ns-e-house-22.jpeg 1536w, https:\/\/caglanuryilmaz.com\/wp-content\/uploads\/2026\/02\/ns-e-house-22-300x200.jpeg 300w, https:\/\/caglanuryilmaz.com\/wp-content\/uploads\/2026\/02\/ns-e-house-22-1024x683.jpeg 1024w, https:\/\/caglanuryilmaz.com\/wp-content\/uploads\/2026\/02\/ns-e-house-22-768x512.jpeg 768w\" sizes=\"(max-width: 1536px) 100vw, 1536px\" \/><\/div>\n\t\t<\/a>\n\t\t\t\t<div class=\"elementor-post__text\">\n\t\t\t\t<h3 class=\"elementor-post__title\">\n\t\t\t<a href=\"https:\/\/caglanuryilmaz.com\/tr\/project\/n-s-e-house-project-2022\/\" >\n\t\t\t\tN.S-E HOUSE PROJECT &#8211; 2022\t\t\t<\/a>\n\t\t<\/h3>\n\t\t\t\t<\/div>\n\t\t\t\t<\/article>\n\t\t\t\t<article class=\"elementor-post elementor-grid-item post-246 project type-project status-publish has-post-thumbnail hentry\" role=\"listitem\">\n\t\t\t\t<a class=\"elementor-post__thumbnail__link\" href=\"https:\/\/caglanuryilmaz.com\/tr\/project\/nispetiye10-apartment-project-2021\/\" tabindex=\"-1\" >\n\t\t\t<div class=\"elementor-post__thumbnail\"><img loading=\"lazy\" decoding=\"async\" width=\"1536\" height=\"1024\" src=\"https:\/\/caglanuryilmaz.com\/wp-content\/uploads\/2026\/02\/nispetiye10-10.jpeg\" class=\"attachment-full size-full wp-image-257\" alt=\"\" srcset=\"https:\/\/caglanuryilmaz.com\/wp-content\/uploads\/2026\/02\/nispetiye10-10.jpeg 1536w, https:\/\/caglanuryilmaz.com\/wp-content\/uploads\/2026\/02\/nispetiye10-10-300x200.jpeg 300w, https:\/\/caglanuryilmaz.com\/wp-content\/uploads\/2026\/02\/nispetiye10-10-1024x683.jpeg 1024w, https:\/\/caglanuryilmaz.com\/wp-content\/uploads\/2026\/02\/nispetiye10-10-768x512.jpeg 768w\" sizes=\"(max-width: 1536px) 100vw, 1536px\" \/><\/div>\n\t\t<\/a>\n\t\t\t\t<div class=\"elementor-post__text\">\n\t\t\t\t<h3 class=\"elementor-post__title\">\n\t\t\t<a href=\"https:\/\/caglanuryilmaz.com\/tr\/project\/nispetiye10-apartment-project-2021\/\" >\n\t\t\t\tN\u0130SPET\u0130YE10 APARTMENT PROJECT &#8211; 2021\t\t\t<\/a>\n\t\t<\/h3>\n\t\t\t\t<\/div>\n\t\t\t\t<\/article>\n\t\t\t\t<\/div>\n\t\t\n\t\t\t\t\t\t<\/div>\n\t\t\t\t<\/div>\n\t\t\t\t<\/div>\n\t\t\t\t\t<\/div>\n\t\t\t\t<\/div>\n\t\t\t\t<\/div>\n\t\t","protected":false},"excerpt":{"rendered":"<p>Proje, ihtiya\u00e7lar\u0131n analiz edildi\u011fi \u00f6n g\u00f6r\u00fc\u015fmeyle ba\u015flar; konsept, planlama , malzeme se\u00e7imleri ve 3D \u00e7al\u0131\u015fma ile tasar\u0131m \u015fekillenir. Onay sonras\u0131 uygulama projeleri haz\u0131rlan\u0131r ve s\u00fcre\u00e7<\/p>\n","protected":false},"author":1,"featured_media":0,"parent":0,"menu_order":0,"comment_status":"closed","ping_status":"closed","template":"","meta":{"_acf_changed":false,"footnotes":""},"class_list":["post-366","page","type-page","status-publish","hentry"],"acf":[],"_links":{"self":[{"href":"https:\/\/caglanuryilmaz.com\/tr\/wp-json\/wp\/v2\/pages\/366","targetHints":{"allow":["GET"]}}],"collection":[{"href":"https:\/\/caglanuryilmaz.com\/tr\/wp-json\/wp\/v2\/pages"}],"about":[{"href":"https:\/\/caglanuryilmaz.com\/tr\/wp-json\/wp\/v2\/types\/page"}],"author":[{"embeddable":true,"href":"https:\/\/caglanuryilmaz.com\/tr\/wp-json\/wp\/v2\/users\/1"}],"replies":[{"embeddable":true,"href":"https:\/\/caglanuryilmaz.com\/tr\/wp-json\/wp\/v2\/comments?post=366"}],"version-history":[{"count":4,"href":"https:\/\/caglanuryilmaz.com\/tr\/wp-json\/wp\/v2\/pages\/366\/revisions"}],"predecessor-version":[{"id":370,"href":"https:\/\/caglanuryilmaz.com\/tr\/wp-json\/wp\/v2\/pages\/366\/revisions\/370"}],"wp:attachment":[{"href":"https:\/\/caglanuryilmaz.com\/tr\/wp-json\/wp\/v2\/media?parent=366"}],"curies":[{"name":"wp","href":"https:\/\/api.w.org\/{rel}","templated":true}]}}