{"id":355,"date":"2025-02-16T20:07:13","date_gmt":"2025-02-16T20:07:13","guid":{"rendered":"https:\/\/caglanuryilmaz.com\/?page_id=355"},"modified":"2026-02-15T10:19:41","modified_gmt":"2026-02-15T10:19:41","slug":"hakkinda","status":"publish","type":"page","link":"https:\/\/caglanuryilmaz.com\/tr\/hakkinda\/","title":{"rendered":"Hakk\u0131nda"},"content":{"rendered":"\t\t<div data-elementor-type=\"wp-page\" data-elementor-id=\"355\" class=\"elementor elementor-355\" data-elementor-post-type=\"page\">\n\t\t\t\t<div class=\"elementor-element elementor-element-9956456 e-flex e-con-boxed e-con e-parent\" data-id=\"9956456\" data-element_type=\"container\" data-e-type=\"container\">\n\t\t\t\t\t<div class=\"e-con-inner\">\n\t\t<div class=\"elementor-element elementor-element-db842c4 e-con-full animated-slow e-flex elementor-invisible e-con e-child\" data-id=\"db842c4\" data-element_type=\"container\" data-e-type=\"container\" data-settings=\"{&quot;animation&quot;:&quot;fadeIn&quot;}\">\n\t\t\t\t<div class=\"elementor-element elementor-element-d3b6f6e elementor-widget elementor-widget-heading\" data-id=\"d3b6f6e\" data-element_type=\"widget\" data-e-type=\"widget\" data-widget_type=\"heading.default\">\n\t\t\t\t<div class=\"elementor-widget-container\">\n\t\t\t\t\t<h2 class=\"elementor-heading-title elementor-size-default\">Hakk\u0131nda<\/h2>\t\t\t\t<\/div>\n\t\t\t\t<\/div>\n\t\t\t\t<div class=\"elementor-element elementor-element-0c00a15 elementor-widget elementor-widget-text-editor\" data-id=\"0c00a15\" data-element_type=\"widget\" data-e-type=\"widget\" data-widget_type=\"text-editor.default\">\n\t\t\t\t<div class=\"elementor-widget-container\">\n\t\t\t\t\t\t\t\t\t<p>\u00c7a\u011fla Y\u0131lmaz, 2016 y\u0131l\u0131nda \u0130stanbul Ticaret \u00dcniversitesi \u0130\u00e7 Mimarl\u0131k ve \u00c7evre Tasar\u0131m\u0131 B\u00f6l\u00fcm\u00fc\u2019nden mezun olmu\u015ftur. Mesleki kariyerinin ilk y\u0131llar\u0131nda farkl\u0131 mimarl\u0131k ve i\u00e7 mimarl\u0131k ofislerinde yer alarak konut ve ticari projelerde deneyim kazanm\u0131\u015f; tasar\u0131m\u0131n t\u00fcm \u00f6l\u00e7eklerinde detay, malzeme ve i\u015f\u00e7ilik kalitesine odaklanan bir yakla\u015f\u0131m geli\u015ftirmi\u015ftir.<\/p><p>2019 y\u0131l\u0131ndan bu yana \u00e7al\u0131\u015fmalar\u0131n\u0131 kendi markas\u0131 alt\u0131nda s\u00fcrd\u00fcren Y\u0131lmaz, her projeyi bir ya\u015fam tarz\u0131 kurgusu olarak ele al\u0131r. Mek\u00e2n\u0131n ruhunu ortaya \u00e7\u0131karan \u00f6zg\u00fcn konseptler, rafine malzeme se\u00e7imleri ve titizlikle y\u00f6netilen uygulama s\u00fcre\u00e7leriyle zamans\u0131z ve ayr\u0131cal\u0131kl\u0131 i\u00e7 mek\u00e2nlar tasarlamaktad\u0131r.<\/p><p>Her tasar\u0131m\u0131nda estetik ile i\u015flevi dengelerken, kullan\u0131c\u0131ya \u00f6zel deneyim sunan mek\u00e2nlar yaratmay\u0131 ama\u00e7lar; zamana uyum sa\u011flayan yal\u0131n ve karakterli ya\u015fam alanlar olu\u015fturur.<\/p>\t\t\t\t\t\t\t\t<\/div>\n\t\t\t\t<\/div>\n\t\t\t\t<\/div>\n\t\t<div class=\"elementor-element elementor-element-7a3aee7 e-con-full e-flex elementor-invisible e-con e-child\" data-id=\"7a3aee7\" data-element_type=\"container\" data-e-type=\"container\" data-settings=\"{&quot;animation&quot;:&quot;fadeIn&quot;,&quot;animation_delay&quot;:250}\">\n\t\t\t\t<div class=\"elementor-element elementor-element-4f5c59a elementor-widget elementor-widget-image\" data-id=\"4f5c59a\" data-element_type=\"widget\" data-e-type=\"widget\" data-widget_type=\"image.default\">\n\t\t\t\t<div class=\"elementor-widget-container\">\n\t\t\t\t\t\t\t\t\t\t\t\t\t\t\t<img fetchpriority=\"high\" decoding=\"async\" width=\"682\" height=\"1024\" src=\"https:\/\/caglanuryilmaz.com\/wp-content\/uploads\/2026\/02\/caglanur-yilmaz-682x1024.jpeg\" class=\"attachment-large size-large wp-image-90\" alt=\"\" srcset=\"https:\/\/caglanuryilmaz.com\/wp-content\/uploads\/2026\/02\/caglanur-yilmaz-682x1024.jpeg 682w, https:\/\/caglanuryilmaz.com\/wp-content\/uploads\/2026\/02\/caglanur-yilmaz-200x300.jpeg 200w, https:\/\/caglanuryilmaz.com\/wp-content\/uploads\/2026\/02\/caglanur-yilmaz-768x1153.jpeg 768w, https:\/\/caglanuryilmaz.com\/wp-content\/uploads\/2026\/02\/caglanur-yilmaz-1023x1536.jpeg 1023w, https:\/\/caglanuryilmaz.com\/wp-content\/uploads\/2026\/02\/caglanur-yilmaz.jpeg 1066w\" sizes=\"(max-width: 682px) 100vw, 682px\" \/>\t\t\t\t\t\t\t\t\t\t\t\t\t\t\t<\/div>\n\t\t\t\t<\/div>\n\t\t\t\t<\/div>\n\t\t\t\t\t<\/div>\n\t\t\t\t<\/div>\n\t\t\t\t<\/div>\n\t\t","protected":false},"excerpt":{"rendered":"<p>\u00c7a\u011fla Y\u0131lmaz, 2016 y\u0131l\u0131nda \u0130stanbul Ticaret \u00dcniversitesi \u0130\u00e7 Mimarl\u0131k ve \u00c7evre Tasar\u0131m\u0131 B\u00f6l\u00fcm\u00fc\u2019nden mezun olmu\u015ftur. Mesleki kariyerinin ilk y\u0131llar\u0131nda farkl\u0131 mimarl\u0131k ve i\u00e7 mimarl\u0131k ofislerinde yer alarak konut ve ticari projelerde deneyim kazanm\u0131\u015f; tasar\u0131m\u0131n t\u00fcm \u00f6l\u00e7eklerinde detay, malzeme ve i\u015f\u00e7ilik kalitesine odaklanan bir yakla\u015f\u0131m geli\u015ftirmi\u015ftir. 2019 y\u0131l\u0131ndan bu yana \u00e7al\u0131\u015fmalar\u0131n\u0131 kendi markas\u0131 alt\u0131nda s\u00fcrd\u00fcren Y\u0131lmaz, [&hellip;]<\/p>\n","protected":false},"author":1,"featured_media":0,"parent":0,"menu_order":0,"comment_status":"closed","ping_status":"closed","template":"","meta":{"_acf_changed":false,"footnotes":""},"class_list":["post-355","page","type-page","status-publish","hentry"],"acf":[],"_links":{"self":[{"href":"https:\/\/caglanuryilmaz.com\/tr\/wp-json\/wp\/v2\/pages\/355","targetHints":{"allow":["GET"]}}],"collection":[{"href":"https:\/\/caglanuryilmaz.com\/tr\/wp-json\/wp\/v2\/pages"}],"about":[{"href":"https:\/\/caglanuryilmaz.com\/tr\/wp-json\/wp\/v2\/types\/page"}],"author":[{"embeddable":true,"href":"https:\/\/caglanuryilmaz.com\/tr\/wp-json\/wp\/v2\/users\/1"}],"replies":[{"embeddable":true,"href":"https:\/\/caglanuryilmaz.com\/tr\/wp-json\/wp\/v2\/comments?post=355"}],"version-history":[{"count":4,"href":"https:\/\/caglanuryilmaz.com\/tr\/wp-json\/wp\/v2\/pages\/355\/revisions"}],"predecessor-version":[{"id":360,"href":"https:\/\/caglanuryilmaz.com\/tr\/wp-json\/wp\/v2\/pages\/355\/revisions\/360"}],"wp:attachment":[{"href":"https:\/\/caglanuryilmaz.com\/tr\/wp-json\/wp\/v2\/media?parent=355"}],"curies":[{"name":"wp","href":"https:\/\/api.w.org\/{rel}","templated":true}]}}